{"id":4714,"date":"2021-04-27T11:50:57","date_gmt":"2021-04-27T09:50:57","guid":{"rendered":"https:\/\/www.dc-living.eu\/?page_id=4714"},"modified":"2021-05-01T12:24:26","modified_gmt":"2021-05-01T10:24:26","slug":"impressum","status":"publish","type":"page","link":"https:\/\/www.dc-living.eu\/en\/impressum\/","title":{"rendered":"Legal notice"},"content":{"rendered":"<div data-elementor-type=\"wp-page\" data-elementor-id=\"4714\" class=\"elementor elementor-4714\">\n\t\t\t\t\t\t<section class=\"has_eae_slider elementor-section elementor-top-section elementor-element elementor-element-71c68c65 elementor-section-boxed elementor-section-height-default elementor-section-height-default\" data-eae-slider=\"28509\" data-id=\"71c68c65\" data-element_type=\"section\" data-e-type=\"section\" data-settings=\"{&quot;background_background&quot;:&quot;classic&quot;}\">\n\t\t\t\t\t\t\t<div class=\"elementor-background-overlay\"><\/div>\n\t\t\t\t\t\t\t<div class=\"elementor-container elementor-column-gap-default\">\n\t\t\t\t\t<div class=\"has_eae_slider elementor-column elementor-col-100 elementor-top-column elementor-element elementor-element-78835771\" data-eae-slider=\"17779\" data-id=\"78835771\" data-element_type=\"column\" data-e-type=\"column\">\n\t\t\t<div class=\"elementor-widget-wrap elementor-element-populated\">\n\t\t\t\t\t\t<div class=\"elementor-element elementor-element-911bdfe elementor-widget elementor-widget-heading\" data-id=\"911bdfe\" data-element_type=\"widget\" data-e-type=\"widget\" data-widget_type=\"heading.default\">\n\t\t\t\t<div class=\"elementor-widget-container\">\n\t\t\t\t\t<h2 class=\"elementor-heading-title elementor-size-default\">Legal notice<\/h2>\t\t\t\t<\/div>\n\t\t\t\t<\/div>\n\t\t\t\t\t<\/div>\n\t\t<\/div>\n\t\t\t\t\t<\/div>\n\t\t<\/section>\n\t\t\t\t<section class=\"has_eae_slider elementor-section elementor-top-section elementor-element elementor-element-17587e00 elementor-section-boxed elementor-section-height-default elementor-section-height-default\" data-eae-slider=\"15234\" data-id=\"17587e00\" data-element_type=\"section\" data-e-type=\"section\" data-settings=\"{&quot;background_background&quot;:&quot;classic&quot;}\">\n\t\t\t\t\t\t<div class=\"elementor-container elementor-column-gap-default\">\n\t\t\t\t\t<div class=\"has_eae_slider elementor-column elementor-col-100 elementor-top-column elementor-element elementor-element-30202351\" data-eae-slider=\"64099\" data-id=\"30202351\" data-element_type=\"column\" data-e-type=\"column\">\n\t\t\t<div class=\"elementor-widget-wrap elementor-element-populated\">\n\t\t\t\t\t\t<div class=\"elementor-element elementor-element-ea97a86 elementor-widget elementor-widget-text-editor\" data-id=\"ea97a86\" data-element_type=\"widget\" data-e-type=\"widget\" data-widget_type=\"text-editor.default\">\n\t\t\t\t<div class=\"elementor-widget-container\">\n\t\t\t\t\t\t\t\t\t<div class=\"impressum-de\" data-no-translation=\"\">\n\t<p style=\"text-align: right;\">\n\t\t<a href=\"#deutsch\">Deutsch<\/a> | <a href=\"#english\">English<\/a> \n\t<\/p>\n\t<h3 id=\"deutsch\">\n\t\tInformationspflicht laut \u00a75 E-Commerce Gesetz, \u00a714 Unter&shy;nehmens&shy;gesetzbuch, \u00a763 Gewerbe&shy;ordnung und Offen&shy;legungs&shy;pflicht laut \u00a725 Mediengesetz \n\t<\/h3>\n\t<p>\n\t\tD.C. Living GmbH<br \/>\n\t\tTrauttmansdorffgasse 5, Stiege 3<br \/>\n\t\t1130 Wien<br \/>\n\t\t\u00d6sterreich \n\t<\/p>\n\t<p>\n\t\t<strong>Unternehmensgegenstand:<\/strong> Vermietung und Verpachtung von Immobilien<br \/>\n\t\t<strong>UID-Nummer:<\/strong> XX__ATU12345678__XX<br \/>\n\t\t<strong>GLN:<\/strong> XX__1234567891234__XX<br \/>\n\t\t<strong>GISA:<\/strong> XX__12345678__XX<br \/>\n\t\t<strong>Firmenbuchnummer:<\/strong> FN 536700 s<br \/>\n\t\t<strong>Firmenbuchgericht:<\/strong> Handelsgericht Wien<br \/>\n\t<\/p>\n\t<p>\n\t\t<strong>Tel.:<\/strong> +43 1 8763632<br \/>\n\t\t<strong>E-Mail:<\/strong> <a href=\"mailto:&#x6f;&#x66;&#x66;&#x69;&#x63;&#x65;&#x40;&#x64;&#x63;&#x2d;&#x6c;&#x69;&#x76;&#x69;&#x6e;&#x67;&#x2e;&#x65;&#x75;\">&#x6f;&#x66;&#x66;&#x69;&#x63;&#x65;&#x40;&#x64;&#x63;&#x2d;&#x6c;&#x69;&#x76;&#x69;&#x6e;&#x67;&#x2e;&#x65;&#x75;<\/a> \n\t<\/p>\n\t<p>\n\t\t<strong>Mitglied bei:<\/strong> XX__WKO, Landesinnung__XX<br \/>\n\t\t<strong>Berufsrecht:<\/strong> Gewerbeordnung: www.ris.bka.gv.at \n\t<\/p>\n\t<p>\n\t\t<strong>Aufsichtsbeh\u00f6rde\/Gewerbebeh\u00f6rde:<\/strong> XX__Bezirkshauptmannschaft Musterhausen__XX<br \/>\n\t\t<strong>Verleihungsstaat:<\/strong> \u00d6sterreich \n\t<\/p>\n\t<p>\n\t\t<strong>Gesch\u00e4ftsf\u00fchrer<\/strong> <br \/>\n\t\tClaudia Manojlovic \n\t<\/p>\n\t<p>\n\t\t<strong>Beteiligungsverh\u00e4ltnisse<\/strong> <br \/>\n\t\tD.C. Estate GmbH 100% \n\t<\/p>\n\t<strong>Datenschutz Verantwortliche<\/strong> \n\t<p>\n\t\tKontaktdaten der f\u00fcr den Datenschutz verantwortliche Stelle:<br \/>\n\t\t<br \/>\n\t\tD.C. Living GmbH, Trauttmansdorffgasse 5\/3, 1130 Wien<br \/>\n\t\tE-Mail-Adresse: &#x6f;&#x66;&#x66;&#x69;&#x63;&#x65;&#x40;&#x64;&#x63;&#x2d;&#x6c;&#x69;&#x76;&#x69;&#x6e;&#x67;&#x2e;&#x65;&#x75;<br \/>\n\t\t<h3 id=\"eu-streitschlichtung\">\n\t\t\tEU-Streitschlichtung \n\t\t<\/h3>\n\t\t<p>\n\t\t\tGem\u00e4\u00df Verordnung \u00fcber Online-Streitbeilegung in Verbraucherangelegenheiten (ODR-Verordnung) m\u00f6chten wir Sie \u00fcber die Online-Streitbeilegungsplattform (OS-Plattform) informieren.<br \/>\n\t\t\tVerbraucher haben die M\u00f6glichkeit, Beschwerden an die Online Streitbeilegungsplattform der Europ\u00e4ischen Kommission unter <a href=\"https:\/\/ec.europa.eu\/consumers\/odr\/main\/index.cfm?event=main.home2.show&amp;lng=DE\" target=\"_blank\" rel=\"noopener\">http:\/\/ec.europa.eu\/odr?tid=121729572<\/a> zu richten. Die daf\u00fcr notwendigen Kontaktdaten finden Sie oberhalb in unserem Impressum. \n\t\t<\/p>\n\t\t<p>\n\t\t\tWir m\u00f6chten Sie jedoch darauf hinweisen, dass wir nicht bereit oder verpflichtet sind, an Streitbeilegungsverfahren vor einer Verbraucherschlichtungsstelle teilzunehmen. \n\t\t<\/p>\n\t\t<h3 id=\"haftung-fuer-inhalte-dieser-webseite\">\n\t\t\tHaftung f\u00fcr Inhalte dieser Website \n\t\t<\/h3>\n\t\t<p>\n\t\t\tWir entwickeln die Inhalte dieser Webseite st\u00e4ndig weiter und bem\u00fchen uns korrekte und aktuelle Informationen bereitzustellen. \u00a0Leider k\u00f6nnen wir keine Haftung f\u00fcr die Korrektheit aller Inhalte auf dieser Website \u00fcbernehmen, speziell f\u00fcr jene, die seitens Dritter bereitgestellt wurden. Als Diensteanbieter sind wir nicht verpflichtet, die von ihnen \u00fcbermittelten oder gespeicherten Informationen zu \u00fcberwachen oder nach Umst\u00e4nden zu forschen, die auf eine rechtswidrige T\u00e4tigkeit hinweisen. \n\t\t<\/p>\n\t\t<p>\n\t\t\tUnsere Verpflichtungen zur Entfernung von Informationen oder zur Sperrung der Nutzung von Informationen nach den allgemeinen Gesetzen aufgrund von gerichtlichen oder beh\u00f6rdlichen Anordnungen bleiben auch im Falle unserer Nichtverantwortlichkeit davon unber\u00fchrt. \n\t\t<\/p>\n\t\t<p>\n\t\t\tSollten Ihnen problematische oder rechtswidrige Inhalte auffallen, bitte wir Sie uns umgehend zu kontaktieren, damit wir die rechtswidrigen Inhalte entfernen k\u00f6nnen. Sie finden die Kontaktdaten im Impressum. \n\t\t<\/p>\n\t\t<h3 id=\"haftung-links-webseite\">\n\t\t\tHaftung f\u00fcr Links auf dieser Webseite \n\t\t<\/h3>\n\t\t<p>\n\t\t\tUnsere Webseite enth\u00e4lt Links zu anderen Webseiten f\u00fcr deren Inhalt wir nicht verantwortlich sind. Haftung f\u00fcr verlinkte Websites besteht f\u00fcr uns nicht, da wir keine Kenntnis rechtswidriger T\u00e4tigkeiten hatten und haben, uns solche Rechtswidrigkeiten auch bisher nicht aufgefallen sind und wir Links sofort entfernen w\u00fcrden, wenn uns Rechtswidrigkeiten bekannt werden. \n\t\t<\/p>\n\t\t<p>\n\t\t\tWenn Ihnen rechtswidrige Links auf unserer Website auffallen, bitte wir Sie uns zu kontaktieren. Sie finden die Kontaktdaten im Impressum. \n\t\t<\/p>\n\t\t<h3 id=\"urheberrechtshinweis\">\n\t\t\tUrheberrechtshinweis \n\t\t<\/h3>\n\t\t<p>\n\t\t\tAlle Inhalte dieser Webseite (Bilder, Fotos, Texte, Videos) unterliegen dem Urheberrecht. Bitte fragen Sie uns bevor Sie die Inhalte dieser Website verbreiten, vervielf\u00e4ltigen oder verwerten wie zum Beispiel auf anderen Websites erneut ver\u00f6ffentlichen. Falls notwendig, werden wir die unerlaubte Nutzung von Teilen der Inhalte unserer Seite rechtlich verfolgen. \n\t\t<\/p>\n\t\t<p>\n\t\t\tSollten Sie auf dieser Webseite Inhalte finden, die das Urheberrecht verletzen, bitten wir Sie uns zu kontaktieren. \n\t\t<\/p>\n\t\t<h3 id=\"bildernachweis\">\n\t\t\tBildernachweis \n\t\t<\/h3>\n\t\t<p>\n\t\t\tDie Bilder, Fotos und Grafiken sowie Texte auf dieser Webseite sind urheberrechtlich gesch\u00fctzt. \n\t\t<\/p>\n\t\t<p>\n\t\t\tSoweit hier nicht anders benannt sind alle Bilder, Fotos und Grafiken Eigentum der D.C. Living GmbH: \n\t\t<\/p>\n\t<\/div>\n\t\t\t\t\t\t\t\t<\/div>\n\t\t\t\t<\/div>\n\t\t\t\t<div class=\"elementor-element elementor-element-b9da49c elementor-widget elementor-widget-text-editor\" data-id=\"b9da49c\" data-element_type=\"widget\" data-e-type=\"widget\" data-widget_type=\"text-editor.default\">\n\t\t\t\t<div class=\"elementor-widget-container\">\n\t\t\t\t\t\t\t\t\t<div class=\"bildnachweis-de\" data-no-translation=\"\">\n\t<h6>\n\t\tStartseite:\n\t<\/h6>\n\t<ul>\n\t\t<li>Header: pxhere.com; Datei-Nr. 422076: sea-horizon-cloud-sky-sunset-bridge \/ \u00a9 Simon Matzinger, lizenzfrei<\/li>\n\t\t<li>Header: shutterstock.com; Datei-Nr. 1515584273: famous-votiv-church-votivkirche-vienna-austria \/ \u00a9 ver0nicka, lizenzfrei<\/li>\n\t\t<li>Hintergrund Abschnitt &#8211; Ausflug nach Wien: pixabay.com; Datei-Nr. 1524959: wien-heldenplatz-panorama-fiaker \/ \u00a9 domeckopol, lizenzfrei<\/li>\n\t\t<li>Galerie Willkommen: pxhere.com; Datei-Nr. 556508: building-downtown-landmark-facade-church-cathedral \/ \u00a9 Creative Commons CC0<\/li>\n\t\t<li>Galerie Willkommen: pxhere.com; Datei-Nr. 864947: sky-lawn-sunlight-flower-park-landmark \/ \u00a9 Creative Commons CC0<\/li>\n\t\t<li>Galerie Willkommen: pxhere.com; Datei-Nr. 562906: recreation-ferris-wheel-amusement-park-park-ride-vienna \/ \u00a9 Creative Commons CC0<\/li>\n\t\t<li>Galerie Willkommen: wikipedia.org; Karlskirche Panorama \/ \u00a9 Marcus Winter, Creative Commons CC BY-SA 2.0<\/li>\n\t\t<li>Galerie Willkommen: pxhere.com; Datei-Nr. 744798: monument-statue-arch-park-cemetery-garden \/ \u00a9 Creative Commons CC0<\/li>\n\t\t<li>Galerie Willkommen: pxhere.com; Datei-Nr. 1347266: water-building-chateau-palace-cityscape-reflection \/ \u00a9 Creative Commons CC0<\/li>\n\t\t<li>Galerie Willkommen: pxhere.com; Datei-Nr. 1052433: light-architecture-bridge-night-cityscape-dusk \/ \u00a9 Creative Commons CC0<\/li>\n\t\t<li>Galerie Willkommen: pxhere.com; Datei-Nr. 564208: architecture-building-palace-downtown-vehicle-plaza \/ \u00a9 Creative Commons CC0<\/li>\t\n\t<\/ul>\n\t<h6>\n\t\tSeiten Apartments:\n\t<\/h6>\n\t<ul>\n\t\t<li>Abschnitt Anfahrt: aardvark.at; Schematischer Netzplan U-Bahn Wien \/ \u00a9  Horst Prillinger, Creative Commons CC BY-NC-ND 4.0<\/li>\n\t<\/ul>\n\t<h6>\n\t\tAktivit\u00e4ten in der Umgebung der Hadikgasse:\n\t<\/h6>\n\t<ul>\n\t\t<li>Header: pixabay.com; Datei-Nr. 740919: wien-vienna-architektur-europa \/ \u00a9 Usinglight, lizenzfrei<\/li>\n\t<\/ul>\n\t<h6>\n\t\tPreise:\n\t<\/h6>\n\t<ul>\n\t\t<li>Header: pixabay.com; Datei-Nr. 1524959: wien-heldenplatz-panorama-fiaker \/ \u00a9 domeckopol, lizenzfrei<\/li>\n\t<\/ul>\n\t<h6>\n\t\tKontakt:\n\t<\/h6>\n\t<ul>\n\t\t<li>Header: pxhere.com; Datei-Nr. 941667: cloud-sky-wheel-recreation-ferris-wheel-amusement-park \/ \u00a9 Creative Commons CC0<\/li>\n\t<\/ul>\n\t<h6>\n\t\tImpressum:\n\t<\/h6>\n\t<ul>\n\t\t<li>Header: pxhere.com; Datei-Nr. 864947: sky-lawn-sunlight-flower-park-landmark \/ \u00a9 Creative Commons CC0<\/li>\n\t<\/ul>\n\t<h6>\n\t\tDatenschutzerkl\u00e4rung:\n\t<\/h6>\n\t<ul>\n\t\t<li>Header: pxhere.com; Datei-Nr. 556508: building-downtown-landmark-facade-church-cathedral \/ \u00a9 Creative Commons CC0<\/li>\n\t<\/ul>\n\t<h6>\n\t\tCookie-Richtlinie:\n\t<\/h6>\n\t<ul>\n\t\t<li>Header: adobe.com; Datei-Nr. 389748387: EU Privacy Directive Star Cookies GDPR flag \/ \u00a9 mixmagic, lizenzfrei<\/li>\n\t<\/ul>\n\t<h6>\n\t\tFooter:\n\t<\/h6>\n\t<ul>\n\t\t<li>Hintergrund: unsplash.com; Datei-Nr. 5SjAaqqCCmY: Evening View on Vienna \/ \u00a9 Jacek Dylag, lizenzfrei<\/li>\n\t<\/ul>\n\t<h6>\n\t\t404-Seite:\n\t<\/h6>\n\t<ul>\n\t\t<li>Hintergrund: shutterstock.com; Datei-Nr. 1385777204: Votiv Church (Votivkirche) in Vienna, Austria from below on a sunny beautiful day \/ \u00a9 Domantas Nikartas, lizenzfrei<\/li>\n\t<\/ul>\n\t<h3>\n\t\tWebdesign\n\t<\/h3>\n\t<p>\n\t\t<a href=\"https:\/\/www.zerosites.de\" target=\"_blank\" rel=\"nofollow noopener noreferrer\"><img decoding=\"async\" src=\"https:\/\/www.dc-living.eu\/wp-content\/uploads\/Logo-zerosites_dc-living_impressum.png\" alt=\"www.zerosites.de\" \/><\/a>\n\t<\/p>\n\t<p>\n\t\t<a href=\"https:\/\/www.zerosites.de\" target=\"_blank\" rel=\"nofollow noopener noreferrer\">https:\/\/www.zerosites.de<\/a>\n\t<\/p>\n<\/div>\n\t\t\t\t\t\t\t\t<\/div>\n\t\t\t\t<\/div>\n\t\t\t\t<div class=\"elementor-element elementor-element-d237de5 elementor-widget-divider--view-line elementor-widget elementor-widget-divider\" data-id=\"d237de5\" data-element_type=\"widget\" data-e-type=\"widget\" data-widget_type=\"divider.default\">\n\t\t\t\t<div class=\"elementor-widget-container\">\n\t\t\t\t\t\t\t<div class=\"elementor-divider\">\n\t\t\t<span class=\"elementor-divider-separator\">\n\t\t\t\t\t\t<\/span>\n\t\t<\/div>\n\t\t\t\t\t\t<\/div>\n\t\t\t\t<\/div>\n\t\t\t\t<div class=\"elementor-element elementor-element-ac5d8d8 elementor-widget elementor-widget-text-editor\" data-id=\"ac5d8d8\" data-element_type=\"widget\" data-e-type=\"widget\" data-widget_type=\"text-editor.default\">\n\t\t\t\t<div class=\"elementor-widget-container\">\n\t\t\t\t\t\t\t\t\t<div class=\"impressum-en\">\n\t<p style=\"text-align: right;\">\n\t\t<a href=\"#deutsch\">Deutsch<\/a> | <a href=\"#english\">English<\/a> \n\t<\/p>\n\t<h3 id=\"english\">\n\t\tInformation in accordance with \u00a75 of the E-Commerce Act, \u00a714 of the Unter&shy;nehmens&shy;gesetzbuch, \u00a763 of the Commercial Code and disclosure requirements under \u00a725 of the Media Act. \n\t<\/h3>\n\t<p>\n\t\tD.C. Living GmbH<br \/>\n\t\tTrauttmansdorffgasse 5, staircase 3<br \/>\n\t\t1130 Wien <br \/>\n\t\t\u00d6sterreich \n\t<\/p>\n\t<p>\n\t\t<strong>Object of the company:<\/strong> Rental and leasing of properties<br \/>\n\t\t<strong>VAT-Number:<\/strong> XX__ATU12345678__XX<br \/>\n\t\t<strong>GLN:<\/strong> XX__1234567891234__XX<br \/>\n\t\t<strong>GISA:<\/strong> XX__12345678__XX<br \/>\n\t\t<strong>Corporate register number:<\/strong> FN 536700 s<br \/>\n\t\t<strong>Corporate register court:<\/strong> Handelsgericht Wien<br \/>\n\t<\/p>\n\t<p>\n\t\t<strong>Phone:<\/strong> +43 1 8763632<br \/>\n\t\t<strong>Email:<\/strong> <a href=\"mailto:&#x6f;&#x66;&#x66;&#x69;&#x63;&#x65;&#x40;&#x64;&#x63;&#x2d;&#x6c;&#x69;&#x76;&#x69;&#x6e;&#x67;&#x2e;&#x65;&#x75;\">&#x6f;&#x66;&#x66;&#x69;&#x63;&#x65;&#x40;&#x64;&#x63;&#x2d;&#x6c;&#x69;&#x76;&#x69;&#x6e;&#x67;&#x2e;&#x65;&#x75;<\/a> \n\t<\/p>\n\t<p>\n\t\t<strong>Member of:<\/strong> XX__WKO, Landesinnung__XX<br \/>\n\t\t<strong>Laws re. professions:<\/strong> Gewerbeordnung: www.ris.bka.gv.at \n\t<\/p>\n\t<p>\n\t\t<strong>Supervisory\/Trade authority:<\/strong> XX__Bezirkshauptmannschaft Musterhausen__XX<br \/>\n\t\t<strong>Awarding country:<\/strong> \u00d6sterreich \n\t<\/p>\n\t<p>\n\t\t<strong>Chief executive<\/strong> <br \/>\n\t\tClaudia Manojlovic \n\t<\/p>\n\t<p>\n\t\t<strong>Ownership structure<\/strong> <br \/>\n\t\tD.C. Estate GmbH 100% \n\t<\/p>\n\t<strong>Data protection officer<\/strong> \n\t<p>\n\t\tContact details of the body responsible for data protection:<br \/>\n\t\t<br \/>\n\t\tD.C. Living GmbH, Trauttmansdorffgasse 5\/3, 1130 Wien<br \/>\n\t\tE-Mail: &#x6f;&#x66;&#x66;&#x69;&#x63;&#x65;&#x40;&#x64;&#x63;&#x2d;&#x6c;&#x69;&#x76;&#x69;&#x6e;&#x67;&#x2e;&#x65;&#x75;<br \/>\n\t<\/p>\n\t<h3 id=\"eu-streitschlichtung-en\">\n\t<\/h3>\n\t<p>\n\t\tIn accordance with the regulation on online dispute resolution in consumer affairs (ODR regulation), we would like to inform you about the online dispute resolution platform (OS platform).<br \/>\n\t\tConsumers have the opportunity to submit complaints to the European Commission&#8217;s online dispute resolution platform at <a href=\"https:\/\/ec.europa.eu\/consumers\/odr\/main\/index.cfm?event=main.home2.show&amp;lng=DE\" target=\"_blank\" rel=\"noopener\">http:\/\/ec.europa.eu\/odr?tid=121729572<\/a>. You can find the necessary contact details above in our legal notice.\n\t<\/p>\n\t<p>\n\t\tHowever, we would like to point out that we are not willing or obliged to participate in dispute settlement proceedings before a consumer arbitration board.\n\t<\/p>\n\t<h3 id=\"haftung-fuer-inhalte-dieser-webseite-en\">\n\t\t<p>\n\t\t\tWe are constantly developing the content of this website and strive to provide correct and current information. Unfortunately, we cannot accept liability for the correctness of all content on this website, especially for those provided by third parties. As a service provider, we are not obliged to monitor the information transmitted or stored by you or to investigate circumstances that indicate illegal activity.\n\t\t<\/p>\n\t\t<p>\n\t\t\tIf you notice problematic or illegal content, please contact us immediately so that we can remove the illegal content. You can find the contact details in the imprint.\n\t\t<\/p>\n\t<\/h3>\n\t<h3 id=\"haftung-links-webseite-en\">\n\t<\/h3>\n\t<p>\n\t\tOur website contains links to other websites for whose content we are not responsible. We are not liable for linked websites because we had no knowledge of illegal activities, we have not noticed such illegal activities and we would remove links immediately if we became aware of illegal activities.\n\t<\/p>\n\t<p>\n\t\tIf you notice illegal links on our website, please contact us. You can find the contact details in the imprint.\n\t<\/p>\n\t<h3 id=\"urheberrechtshinweis-en\">\n\t<\/h3>\n\t<p>\n\t\tAll contents of this website (images, photos, texts) are subject to copyright. Please ask us before you distribute, reproduce or exploit the content of this website, for example republishing it on other websites. If necessary, we will legally prosecute the unauthorized use of parts of the content on our site.\n\t<\/p>\n\t<p>\n\t\tIf you find any content on this website that violates copyright law, please contact us.\n\t<\/p>\n\t<h3 id=\"bildernachweis-en\">\n\t<\/h3>\n\t<p>\n\t\tThe images, photos and graphics as well as texts on this website are protected by copyright.\n\t<\/p>\n\t<p>\n\t\tUnless otherwise stated here, all images, photos and graphics are the property of D.C. Living GmbH:\n\t<\/p>\n<\/div>\n\t\t\t\t\t\t\t\t<\/div>\n\t\t\t\t<\/div>\n\t\t\t\t<div class=\"elementor-element elementor-element-55c1ef7 elementor-widget elementor-widget-text-editor\" data-id=\"55c1ef7\" data-element_type=\"widget\" data-e-type=\"widget\" data-widget_type=\"text-editor.default\">\n\t\t\t\t<div class=\"elementor-widget-container\">\n\t\t\t\t\t\t\t\t\t<div class=\"bildnachweis-en\">\n\t<h6>\n\t\tHomepage:\n\t<\/h6>\n\t<ul>\n\t\t<li>Header: pxhere.com; file number 422076: sea-horizon-cloud-sky-sunset-bridge \/ \u00a9 Simon Matzinger, public domain<\/li>\n\t\t<li>Header: shutterstock.com; file number 1515584273: famous-votiv-church-votivkirche-vienna-austria \/ \u00a9 ver0nicka, public domain<\/li>\n\t\t<li>Background section &#8211; Trip to Vienna: pixabay.com; file number 1524959: wien-heldenplatz-panorama-fiaker \/ \u00a9 domeckopol, public domain<\/li>\n\t\t<li>Gallery welcome: pxhere.com; file number 556508: building-downtown-landmark-facade-church-cathedral \/ \u00a9 Creative Commons CC0<\/li>\n\t\t<li>Gallery welcome: pxhere.com; file number 864947: sky-lawn-sunlight-flower-park-landmark \/ \u00a9 Creative Commons CC0<\/li>\n\t\t<li>Gallery welcome: pxhere.com; file number 562906: recreation-ferris-wheel-amusement-park-park-ride-vienna \/ \u00a9 Creative Commons CC0<\/li>\n\t\t<li>Gallery welcome: wikipedia.org; Karlskirche Panorama \/ \u00a9 Marcus Winter, Creative Commons CC BY-SA 2.0<\/li>\n\t\t<li>Gallery welcome: pxhere.com; file number 744798: monument-statue-arch-park-cemetery-garden \/ \u00a9 Creative Commons CC0<\/li>\n\t\t<li>Gallery welcome: pxhere.com; file number 1347266: water-building-chateau-palace-cityscape-reflection \/ \u00a9 Creative Commons CC0<\/li>\n\t\t<li>Gallery welcome: pxhere.com; file number 1052433: light-architecture-bridge-night-cityscape-dusk \/ \u00a9 Creative Commons CC0<\/li>\n\t\t<li>Gallery welcome: pxhere.com; file number 564208: architecture-building-palace-downtown-vehicle-plaza \/ \u00a9 Creative Commons CC0<\/li>\t\n\t<\/ul>\n\t<h6>\n\t\tPages apartments:\n\t<\/h6>\n\t<ul>\n\t\t<li>Section drive: aardvark.at; Schematischer Netzplan U-Bahn Wien \/ \u00a9  Horst Prillinger, Creative Commons CC BY-NC-ND 4.0<\/li>\n\t<\/ul>\n\t<h6>\n\t\tActivities in the area around Hadikgasse:\n\t<\/h6>\n\t<ul>\n\t\t<li>Header: pixabay.com; file number 740919: wien-vienna-architektur-europa \/ \u00a9 Usinglight, public domain<\/li>\n\t<\/ul>\n\t<h6>\n\t\tPrices:\n\t<\/h6>\n\t<ul>\n\t\t<li>Header: pixabay.com; file number 1524959: wien-heldenplatz-panorama-fiaker \/ \u00a9 domeckopol, public domain<\/li>\n\t<\/ul>\n\t<h6>\n\t\tContact:\n\t<\/h6>\n\t<ul>\n\t\t<li>Header: pxhere.com; file number 941667: cloud-sky-wheel-recreation-ferris-wheel-amusement-park \/ \u00a9 Creative Commons CC0<\/li>\n\t<\/ul>\n\t<h6>\n\t\tLegal notice:\n\t<\/h6>\n\t<ul>\n\t\t<li>Header: pxhere.com; file number 864947: sky-lawn-sunlight-flower-park-landmark \/ \u00a9 Creative Commons CC0<\/li>\n\t<\/ul>\n\t<h6>\n\t\tPrivacy statement:\n\t<\/h6>\n\t<ul>\n\t\t<li>Header: pxhere.com; file number 556508: building-downtown-landmark-facade-church-cathedral \/ \u00a9 Creative Commons CC0<\/li>\n\t<\/ul>\n\t<h6>\n\t\tCookie Policy:\n\t<\/h6>\n\t<ul>\n\t\t<li>Header: adobe.com; file number 389748387: EU Privacy Directive Star Cookies GDPR flag \/ \u00a9 mixmagic, public domain<\/li>\n\t<\/ul>\n\t<h6>\n\t\tFooter:\n\t<\/h6>\n\t<ul>\n\t\t<li>Background: unsplash.com; file number 5SjAaqqCCmY: Evening View on Vienna \/ \u00a9 Jacek Dylag, public domain<\/li>\n\t<\/ul>\n\t<h6>\n\t\t404-Page:\n\t<\/h6>\n\t<ul>\n\t\t<li>Background: shutterstock.com; file number 1385777204: Votiv Church (Votivkirche) in Vienna, Austria from below on a sunny beautiful day \/ \u00a9 Domantas Nikartas, public domain<\/li>\n\t<\/ul>\n\t<h3>\n\t\tWeb design\n\t<\/h3>\n\t<p>\n\t\t<a href=\"https:\/\/www.zerosites.de\" target=\"_blank\" rel=\"nofollow noopener noreferrer\"><img decoding=\"async\" src=\"https:\/\/www.dc-living.eu\/wp-content\/uploads\/Logo-zerosites_dc-living_impressum.png\" alt=\"www.zerosites.de\" \/><\/a>\n\t<\/p>\n\t<p>\n\t\t<a href=\"https:\/\/www.zerosites.de\" target=\"_blank\" rel=\"nofollow noopener noreferrer\">https:\/\/www.zerosites.de<\/a>\n\t<\/p>\n<\/div>\t\t\t\t\t\t\t\t<\/div>\n\t\t\t\t<\/div>\n\t\t\t\t\t<\/div>\n\t\t<\/div>\n\t\t\t\t\t<\/div>\n\t\t<\/section>\n\t\t\t\t<\/div>","protected":false},"excerpt":{"rendered":"<p>Impressum Deutsch | English Informationspflicht laut \u00a75 E-Commerce Gesetz, \u00a714 Unter&shy;nehmens&shy;gesetzbuch, \u00a763 Gewerbe&shy;ordnung und Offen&shy;legungs&shy;pflicht laut \u00a725 Mediengesetz D.C. Living GmbH Trauttmansdorffgasse 5, Stiege 3 1130 Wien \u00d6sterreich Unternehmensgegenstand: Vermietung und Verpachtung von Immobilien UID-Nummer: XX__ATU12345678__XX GLN: XX__1234567891234__XX GISA: XX__12345678__XX Firmenbuchnummer: FN 536700 s Firmenbuchgericht: Handelsgericht Wien Tel.: +43 1 8763632 E-Mail: &#x6f;&#x66;&#x66;&#x69;&#x63;&#x65;&#x40;&#x64;&#x63;&#x2d;&#x6c;&#x69;&#x76;&#x69;&#x6e;&#x67;&#x2e;&#x65;&#x75; Mitglied bei: [&hellip;]<\/p>\n","protected":false},"author":1,"featured_media":0,"parent":0,"menu_order":0,"comment_status":"closed","ping_status":"closed","template":"","meta":{"site-sidebar-layout":"no-sidebar","site-content-layout":"page-builder","ast-site-content-layout":"default","site-content-style":"default","site-sidebar-style":"default","ast-global-header-display":"","ast-banner-title-visibility":"","ast-main-header-display":"","ast-hfb-above-header-display":"","ast-hfb-below-header-display":"","ast-hfb-mobile-header-display":"","site-post-title":"disabled","ast-breadcrumbs-content":"disabled","ast-featured-img":"disabled","footer-sml-layout":"","ast-disable-related-posts":"","theme-transparent-header-meta":"default","adv-header-id-meta":"","stick-header-meta":"","header-above-stick-meta":"","header-main-stick-meta":"","header-below-stick-meta":"","astra-migrate-meta-layouts":"default","ast-page-background-enabled":"default","ast-page-background-meta":{"desktop":{"background-color":"","background-image":"","background-repeat":"repeat","background-position":"center center","background-size":"auto","background-attachment":"scroll","background-type":"","background-media":"","overlay-type":"","overlay-color":"","overlay-opacity":"","overlay-gradient":""},"tablet":{"background-color":"","background-image":"","background-repeat":"repeat","background-position":"center center","background-size":"auto","background-attachment":"scroll","background-type":"","background-media":"","overlay-type":"","overlay-color":"","overlay-opacity":"","overlay-gradient":""},"mobile":{"background-color":"","background-image":"","background-repeat":"repeat","background-position":"center center","background-size":"auto","background-attachment":"scroll","background-type":"","background-media":"","overlay-type":"","overlay-color":"","overlay-opacity":"","overlay-gradient":""}},"ast-content-background-meta":{"desktop":{"background-color":"var(--ast-global-color-5)","background-image":"","background-repeat":"repeat","background-position":"center center","background-size":"auto","background-attachment":"scroll","background-type":"","background-media":"","overlay-type":"","overlay-color":"","overlay-opacity":"","overlay-gradient":""},"tablet":{"background-color":"var(--ast-global-color-5)","background-image":"","background-repeat":"repeat","background-position":"center center","background-size":"auto","background-attachment":"scroll","background-type":"","background-media":"","overlay-type":"","overlay-color":"","overlay-opacity":"","overlay-gradient":""},"mobile":{"background-color":"var(--ast-global-color-5)","background-image":"","background-repeat":"repeat","background-position":"center center","background-size":"auto","background-attachment":"scroll","background-type":"","background-media":"","overlay-type":"","overlay-color":"","overlay-opacity":"","overlay-gradient":""}},"footnotes":""},"class_list":["post-4714","page","type-page","status-publish","hentry"],"_links":{"self":[{"href":"https:\/\/www.dc-living.eu\/en\/wp-json\/wp\/v2\/pages\/4714","targetHints":{"allow":["GET"]}}],"collection":[{"href":"https:\/\/www.dc-living.eu\/en\/wp-json\/wp\/v2\/pages"}],"about":[{"href":"https:\/\/www.dc-living.eu\/en\/wp-json\/wp\/v2\/types\/page"}],"author":[{"embeddable":true,"href":"https:\/\/www.dc-living.eu\/en\/wp-json\/wp\/v2\/users\/1"}],"replies":[{"embeddable":true,"href":"https:\/\/www.dc-living.eu\/en\/wp-json\/wp\/v2\/comments?post=4714"}],"version-history":[{"count":0,"href":"https:\/\/www.dc-living.eu\/en\/wp-json\/wp\/v2\/pages\/4714\/revisions"}],"wp:attachment":[{"href":"https:\/\/www.dc-living.eu\/en\/wp-json\/wp\/v2\/media?parent=4714"}],"curies":[{"name":"wp","href":"https:\/\/api.w.org\/{rel}","templated":true}]}}